{"id":1165,"date":"2025-12-11T14:31:06","date_gmt":"2025-12-11T14:31:06","guid":{"rendered":"https:\/\/atlasfret.com\/dramiraabouriche\/?page_id=1165"},"modified":"2025-12-14T12:46:52","modified_gmt":"2025-12-14T12:46:52","slug":"contact-rendez-vous","status":"publish","type":"page","link":"https:\/\/atlasfret.com\/dramiraabouriche\/contact-rendez-vous\/","title":{"rendered":"Contact rendez vous"},"content":{"rendered":"\t\t<div data-elementor-type=\"wp-page\" data-elementor-id=\"1165\" class=\"elementor elementor-1165\" data-elementor-settings=\"{&quot;ha_cmc_init_switcher&quot;:&quot;no&quot;}\" data-elementor-post-type=\"page\">\n\t\t\t\t<div class=\"elementor-element elementor-element-23edec84 e-flex e-con-boxed e-con e-parent\" data-id=\"23edec84\" data-element_type=\"container\" data-e-type=\"container\" data-settings=\"{&quot;background_background&quot;:&quot;classic&quot;,&quot;_ha_eqh_enable&quot;:false}\">\n\t\t\t\t\t<div class=\"e-con-inner\">\n\t\t\t\t<div class=\"elementor-element elementor-element-6490fd49 elementor-widget elementor-widget-heading\" data-id=\"6490fd49\" data-element_type=\"widget\" data-e-type=\"widget\" data-widget_type=\"heading.default\">\n\t\t\t\t\t<h1 class=\"elementor-heading-title elementor-size-default\">Contactez-nous Prenez Rendez-vous Facilement<\/h1>\t\t\t\t<\/div>\n\t\t\t\t<div class=\"elementor-element elementor-element-3ed13427 elementor-widget elementor-widget-text-editor\" data-id=\"3ed13427\" data-element_type=\"widget\" data-e-type=\"widget\" data-widget_type=\"text-editor.default\">\n\t\t\t\t\t\t\t\t\tDr Amira Abouriche et son \u00e9quipe sont \u00e0 votre \u00e9coute pour r\u00e9pondre \u00e0 vos questions et vous proposer un rendez-vous adapt\u00e9 \u00e0 vos besoins.\t\t\t\t\t\t\t\t<\/div>\n\t\t\t\t\t<\/div>\n\t\t\t\t<\/div>\n\t\t<div class=\"elementor-element elementor-element-d8ede1f e-flex e-con-boxed e-con e-parent\" data-id=\"d8ede1f\" data-element_type=\"container\" data-e-type=\"container\" data-settings=\"{&quot;background_background&quot;:&quot;classic&quot;,&quot;_ha_eqh_enable&quot;:false}\">\n\t\t\t\t\t<div class=\"e-con-inner\">\n\t\t<div class=\"elementor-element elementor-element-498a8fa e-con-full e-flex e-con e-child\" data-id=\"498a8fa\" data-element_type=\"container\" data-e-type=\"container\" data-settings=\"{&quot;_ha_eqh_enable&quot;:false}\">\n\t\t\t\t<div class=\"elementor-element elementor-element-150e4d4 elementor-widget elementor-widget-heading\" data-id=\"150e4d4\" data-element_type=\"widget\" data-e-type=\"widget\" data-widget_type=\"heading.default\">\n\t\t\t\t\t<h2 class=\"elementor-heading-title elementor-size-default\">Comment Nous Contacter ?<\/h2>\t\t\t\t<\/div>\n\t\t\t\t<div class=\"elementor-element elementor-element-7cd0a67 elementor-widget elementor-widget-text-editor\" data-id=\"7cd0a67\" data-element_type=\"widget\" data-e-type=\"widget\" data-widget_type=\"text-editor.default\">\n\t\t\t\t\t\t\t\t\tPlusieurs options s&rsquo;offrent \u00e0 vous pour prendre rendez-vous rapidement et facilement.\t\t\t\t\t\t\t\t<\/div>\n\t\t<div class=\"elementor-element elementor-element-00a21fe e-con-full e-flex e-con e-child\" data-id=\"00a21fe\" data-element_type=\"container\" data-e-type=\"container\" data-settings=\"{&quot;_ha_eqh_enable&quot;:false}\">\n\t\t<div class=\"elementor-element elementor-element-4694378 e-con-full e-flex e-con e-child\" data-id=\"4694378\" data-element_type=\"container\" data-e-type=\"container\" data-settings=\"{&quot;_ha_eqh_enable&quot;:false}\">\n\t\t\t\t<div class=\"elementor-element elementor-element-d5b452c elementor-widget elementor-widget-html\" data-id=\"d5b452c\" data-element_type=\"widget\" data-e-type=\"widget\" data-widget_type=\"html.default\">\n\t\t\t\t\t<div class=\"method-card\">\n                    <div class=\"method-icon\">\n                        <i class=\"fas fa-calendar-check\"><\/i>\n                    <\/div>\n                    <h3>Rendez-vous en Ligne<\/h3>\n                    <p>R\u00e9servez votre consultation 24h\/24 sur Dabadoc en quelques clics. Choisissez votre cr\u00e9neau horaire.<\/p>\n                    <a href=\"https:\/\/www.dabadoc.com\/ma\/cardiologue\/casablanca\/amira-abouriche\" class=\"method-link\">\n                        <i class=\"fas fa-external-link-alt\"><\/i>\n                        R\u00e9server sur Dabadoc\n                    <\/a>\n                <\/div>\t\t\t\t<\/div>\n\t\t\t\t<\/div>\n\t\t<div class=\"elementor-element elementor-element-5945112 e-con-full e-flex e-con e-child\" data-id=\"5945112\" data-element_type=\"container\" data-e-type=\"container\" data-settings=\"{&quot;_ha_eqh_enable&quot;:false}\">\n\t\t\t\t<div class=\"elementor-element elementor-element-40d50e4 elementor-widget elementor-widget-html\" data-id=\"40d50e4\" data-element_type=\"widget\" data-e-type=\"widget\" data-widget_type=\"html.default\">\n\t\t\t\t\t<div class=\"method-card\">\n                    <div class=\"method-icon\">\n                        <i class=\"fas fa-phone-alt\"><\/i>\n                    <\/div>\n                    <h3>Par T\u00e9l\u00e9phone<\/h3>\n                    <p>Appelez notre secr\u00e9tariat du lundi au vendredi de 9h \u00e0 18h et le samedi de 9h \u00e0 12h.<\/p>\n                    <a href=\"tel:0522221011\" class=\"method-link\">\n                        <i class=\"fas fa-phone\"><\/i>\n                        05 22 22 10 11\n                    <\/a>\n                <\/div>\t\t\t\t<\/div>\n\t\t\t\t<\/div>\n\t\t<div class=\"elementor-element elementor-element-044a419 e-con-full e-flex e-con e-child\" data-id=\"044a419\" data-element_type=\"container\" data-e-type=\"container\" data-settings=\"{&quot;_ha_eqh_enable&quot;:false}\">\n\t\t\t\t<div class=\"elementor-element elementor-element-9ef4ab1 elementor-widget elementor-widget-html\" data-id=\"9ef4ab1\" data-element_type=\"widget\" data-e-type=\"widget\" data-widget_type=\"html.default\">\n\t\t\t\t\t<div class=\"method-card\">\n                    <div class=\"method-icon\">\n                        <i class=\"fas fa-envelope\"><\/i>\n                    <\/div>\n                    <h3>Par Email<\/h3>\n                    <p>Envoyez-nous un email pour toute demande d'information ou de rendez-vous. R\u00e9ponse sous 24h.<\/p>\n                    <a href=\"mailto:contact@drabouriche.ma\" class=\"method-link\">\n                        <i class=\"fas fa-paper-plane\"><\/i>\n                        Envoyer un Email\n                    <\/a>\n                <\/div>\t\t\t\t<\/div>\n\t\t\t\t<\/div>\n\t\t\t\t<\/div>\n\t\t\t\t<\/div>\n\t\t\t\t\t<\/div>\n\t\t\t\t<\/div>\n\t\t<div class=\"elementor-element elementor-element-9fb0ce4 e-con-full e-flex e-con e-parent\" data-id=\"9fb0ce4\" data-element_type=\"container\" data-e-type=\"container\" data-settings=\"{&quot;_ha_eqh_enable&quot;:false}\">\n\t\t<div class=\"elementor-element elementor-element-fd30f26 e-flex e-con-boxed e-con e-child\" data-id=\"fd30f26\" data-element_type=\"container\" data-e-type=\"container\" data-settings=\"{&quot;_ha_eqh_enable&quot;:false}\">\n\t\t\t\t\t<div class=\"e-con-inner\">\n\t\t<div class=\"elementor-element elementor-element-4b40fe5 e-con-full e-flex e-con e-child\" data-id=\"4b40fe5\" data-element_type=\"container\" data-e-type=\"container\" data-settings=\"{&quot;_ha_eqh_enable&quot;:false}\">\n\t\t\t\t<div class=\"elementor-element elementor-element-94cc3c6 elementor-widget elementor-widget-heading\" data-id=\"94cc3c6\" data-element_type=\"widget\" data-e-type=\"widget\" data-widget_type=\"heading.default\">\n\t\t\t\t\t<h2 class=\"elementor-heading-title elementor-size-default\">Informations Pratiques<\/h2>\t\t\t\t<\/div>\n\t\t\t\t<div class=\"elementor-element elementor-element-70b667e elementor-widget elementor-widget-heading\" data-id=\"70b667e\" data-element_type=\"widget\" data-e-type=\"widget\" data-widget_type=\"heading.default\">\n\t\t\t\t\t<h3 class=\"elementor-heading-title elementor-size-default\">Adresse du Cabinet<\/h3>\t\t\t\t<\/div>\n\t\t\t\t<div class=\"elementor-element elementor-element-0a0e00c elementor-widget elementor-widget-text-editor\" data-id=\"0a0e00c\" data-element_type=\"widget\" data-e-type=\"widget\" data-widget_type=\"text-editor.default\">\n\t\t\t\t\t\t\t\t\t<p>522, Rue De Oualmes, 2\u00e8me \u00e9tage<br \/>Quartier Bourgogne<br \/>Casablanca 20250, Maroc<\/p>\t\t\t\t\t\t\t\t<\/div>\n\t\t\t\t<div class=\"elementor-element elementor-element-55eea03 elementor-widget elementor-widget-heading\" data-id=\"55eea03\" data-element_type=\"widget\" data-e-type=\"widget\" data-widget_type=\"heading.default\">\n\t\t\t\t\t<h3 class=\"elementor-heading-title elementor-size-default\">T\u00e9l\u00e9phone<\/h3>\t\t\t\t<\/div>\n\t\t\t\t<div class=\"elementor-element elementor-element-7abd037 elementor-widget elementor-widget-text-editor\" data-id=\"7abd037\" data-element_type=\"widget\" data-e-type=\"widget\" data-widget_type=\"text-editor.default\">\n\t\t\t\t\t\t\t\t\t05 22 22 10 11\t\t\t\t\t\t\t\t<\/div>\n\t\t\t\t<div class=\"elementor-element elementor-element-609a046 elementor-widget elementor-widget-heading\" data-id=\"609a046\" data-element_type=\"widget\" data-e-type=\"widget\" data-widget_type=\"heading.default\">\n\t\t\t\t\t<h3 class=\"elementor-heading-title elementor-size-default\">Email<\/h3>\t\t\t\t<\/div>\n\t\t\t\t<div class=\"elementor-element elementor-element-c090c0a elementor-widget elementor-widget-text-editor\" data-id=\"c090c0a\" data-element_type=\"widget\" data-e-type=\"widget\" data-widget_type=\"text-editor.default\">\n\t\t\t\t\t\t\t\t\tcontact@drabouriche.ma\t\t\t\t\t\t\t\t<\/div>\n\t\t\t\t<\/div>\n\t\t<div class=\"elementor-element elementor-element-3125a7b e-con-full e-flex e-con e-child\" data-id=\"3125a7b\" data-element_type=\"container\" data-e-type=\"container\" data-settings=\"{&quot;_ha_eqh_enable&quot;:false}\">\n\t\t\t\t<div class=\"elementor-element elementor-element-5cc6fe1 elementor-widget elementor-widget-heading\" data-id=\"5cc6fe1\" data-element_type=\"widget\" data-e-type=\"widget\" data-widget_type=\"heading.default\">\n\t\t\t\t\t<h2 class=\"elementor-heading-title elementor-size-default\">Horaires d'Ouverture<\/h2>\t\t\t\t<\/div>\n\t\t\t\t<div class=\"elementor-element elementor-element-f1270e4 elementor-widget elementor-widget-html\" data-id=\"f1270e4\" data-element_type=\"widget\" data-e-type=\"widget\" data-widget_type=\"html.default\">\n\t\t\t\t\t<div class=\"schedule-table\">\n                    <div class=\"schedule-row highlight\">\n                        <span class=\"schedule-day\">Lundi<\/span>\n                        <span class=\"schedule-hours\">09:00 - 18:00<\/span>\n                    <\/div>\n                    <div class=\"schedule-row\">\n                        <span class=\"schedule-day\">Mardi<\/span>\n                        <span class=\"schedule-hours\">09:00 - 18:00<\/span>\n                    <\/div>\n                    <div class=\"schedule-row highlight\">\n                        <span class=\"schedule-day\">Mercredi<\/span>\n                        <span class=\"schedule-hours\">09:00 - 18:00<\/span>\n                    <\/div>\n                    <div class=\"schedule-row\">\n                        <span class=\"schedule-day\">Jeudi<\/span>\n                        <span class=\"schedule-hours\">09:00 - 18:00<\/span>\n                    <\/div>\n                    <div class=\"schedule-row highlight\">\n                        <span class=\"schedule-day\">Vendredi<\/span>\n                        <span class=\"schedule-hours\">09:00 - 18:00<\/span>\n                    <\/div>\n                    <div class=\"schedule-row\">\n                        <span class=\"schedule-day\">Samedi<\/span>\n                        <span class=\"schedule-hours\">09:00 - 12:00<\/span>\n                    <\/div>\n                    <div class=\"schedule-row highlight\">\n                        <span class=\"schedule-day\">Dimanche<\/span>\n                        <span class=\"schedule-hours closed\">Ferm\u00e9<\/span>\n                    <\/div>\n                <\/div>\t\t\t\t<\/div>\n\t\t\t\t<div class=\"elementor-element elementor-element-4e6f171 elementor-widget elementor-widget-html\" data-id=\"4e6f171\" data-element_type=\"widget\" data-e-type=\"widget\" data-widget_type=\"html.default\">\n\t\t\t\t\t<div style=\"padding: 20px; background: white; border-radius: 12px; box-shadow: 0 2px 8px rgba(0,0,0,0.08);\">\n                    <p style=\"color: #666666; line-height: 1.7; margin: 0;\">\n                        <i class=\"fas fa-info-circle\" style=\"color: #8B1538; margin-right: 8px;\"><\/i>\n                        <strong>Consultations sur rendez-vous uniquement.<\/strong> En cas d'urgence, veuillez appeler le SAMU au 141.\n                    <\/p>\n                <\/div>\t\t\t\t<\/div>\n\t\t\t\t<\/div>\n\t\t\t\t\t<\/div>\n\t\t\t\t<\/div>\n\t\t\t\t<\/div>\n\t\t<div class=\"elementor-element elementor-element-b8c22d8 e-con-full e-flex e-con e-parent\" data-id=\"b8c22d8\" data-element_type=\"container\" data-e-type=\"container\" data-settings=\"{&quot;background_background&quot;:&quot;classic&quot;,&quot;_ha_eqh_enable&quot;:false}\">\n\t\t<div class=\"elementor-element elementor-element-a58f5e4 e-flex e-con-boxed e-con e-child\" data-id=\"a58f5e4\" data-element_type=\"container\" data-e-type=\"container\" data-settings=\"{&quot;_ha_eqh_enable&quot;:false}\">\n\t\t\t\t\t<div class=\"e-con-inner\">\n\t\t\t\t<div class=\"elementor-element elementor-element-81caa57 elementor-widget elementor-widget-heading\" data-id=\"81caa57\" data-element_type=\"widget\" data-e-type=\"widget\" data-widget_type=\"heading.default\">\n\t\t\t\t\t<h2 class=\"elementor-heading-title elementor-size-default\">Comment Nous Trouver ?\n<\/h2>\t\t\t\t<\/div>\n\t\t\t\t<div class=\"elementor-element elementor-element-e13e58e elementor-widget elementor-widget-text-editor\" data-id=\"e13e58e\" data-element_type=\"widget\" data-e-type=\"widget\" data-widget_type=\"text-editor.default\">\n\t\t\t\t\t\t\t\t\tNotre cabinet est id\u00e9alement situ\u00e9 au c\u0153ur du quartier Bourgogne \u00e0 Casablanca.\t\t\t\t\t\t\t\t<\/div>\n\t\t\t\t<div class=\"elementor-element elementor-element-2dcbc4e elementor-widget elementor-widget-html\" data-id=\"2dcbc4e\" data-element_type=\"widget\" data-e-type=\"widget\" data-widget_type=\"html.default\">\n\t\t\t\t\t<iframe src=\"https:\/\/www.google.com\/maps\/embed?pb=!1m18!1m12!1m3!1d3323.1833563842133!2d-7.640801823837191!3d33.6005467414453!2m3!1f0!2f0!3f0!3m2!1i1024!2i768!4f13.1!3m3!1m2!1s0xda7d36c73e6d0bb%3A0x9d7b774ec730241e!2sCabinet%20de%20Cardiologie%20et%20Phl%C3%A9bologie%20-%20Dr.%20Amira%20Abouriche!5e0!3m2!1sfr!2sma!4v1765466366967!5m2!1sfr!2sma\" width=\"600\" height=\"450\" style=\"border:0;\" allowfullscreen=\"\" loading=\"lazy\" referrerpolicy=\"no-referrer-when-downgrade\"><\/iframe>\t\t\t\t<\/div>\n\t\t\t\t\t<\/div>\n\t\t\t\t<\/div>\n\t\t\t\t<\/div>\n\t\t<div class=\"elementor-element elementor-element-757a21d1 e-con-full e-flex e-con e-parent\" data-id=\"757a21d1\" data-element_type=\"container\" data-e-type=\"container\" data-settings=\"{&quot;background_background&quot;:&quot;classic&quot;,&quot;_ha_eqh_enable&quot;:false}\">\n\t\t<div class=\"elementor-element elementor-element-3d6487c0 e-flex e-con-boxed e-con e-child\" data-id=\"3d6487c0\" data-element_type=\"container\" data-e-type=\"container\" data-settings=\"{&quot;_ha_eqh_enable&quot;:false}\">\n\t\t\t\t\t<div class=\"e-con-inner\">\n\t\t\t\t<div class=\"elementor-element elementor-element-6193d960 elementor-widget elementor-widget-heading\" data-id=\"6193d960\" data-element_type=\"widget\" data-e-type=\"widget\" data-widget_type=\"heading.default\">\n\t\t\t\t\t<h2 class=\"elementor-heading-title elementor-size-default\">Pr\u00eat \u00e0 Prendre Rendez-vous ?\n<\/h2>\t\t\t\t<\/div>\n\t\t\t\t<div class=\"elementor-element elementor-element-45cd0b92 elementor-widget elementor-widget-text-editor\" data-id=\"45cd0b92\" data-element_type=\"widget\" data-e-type=\"widget\" data-widget_type=\"text-editor.default\">\n\t\t\t\t\t\t\t\t\tDr Amira Abouriche et son \u00e9quipe vous accueillent dans un cabinet moderne et chaleureux.\t\t\t\t\t\t\t\t<\/div>\n\t\t<div class=\"elementor-element elementor-element-22c76386 e-con-full e-flex e-con e-child\" data-id=\"22c76386\" data-element_type=\"container\" data-e-type=\"container\" data-settings=\"{&quot;_ha_eqh_enable&quot;:false}\">\n\t\t\t\t<div class=\"elementor-element elementor-element-101a2755 btn-rdv-style-inverse elementor-widget elementor-widget-button\" data-id=\"101a2755\" data-element_type=\"widget\" data-e-type=\"widget\" data-widget_type=\"button.default\">\n\t\t\t\t\t\t\t\t\t\t<a class=\"elementor-button elementor-button-link elementor-size-sm\" href=\"#\">\n\t\t\t\t\t\t<span class=\"elementor-button-content-wrapper\">\n\t\t\t\t\t\t<span class=\"elementor-button-icon\">\n\t\t\t\t<svg aria-hidden=\"true\" class=\"e-font-icon-svg e-far-calendar-alt\" viewBox=\"0 0 448 512\" xmlns=\"http:\/\/www.w3.org\/2000\/svg\"><path d=\"M148 288h-40c-6.6 0-12-5.4-12-12v-40c0-6.6 5.4-12 12-12h40c6.6 0 12 5.4 12 12v40c0 6.6-5.4 12-12 12zm108-12v-40c0-6.6-5.4-12-12-12h-40c-6.6 0-12 5.4-12 12v40c0 6.6 5.4 12 12 12h40c6.6 0 12-5.4 12-12zm96 0v-40c0-6.6-5.4-12-12-12h-40c-6.6 0-12 5.4-12 12v40c0 6.6 5.4 12 12 12h40c6.6 0 12-5.4 12-12zm-96 96v-40c0-6.6-5.4-12-12-12h-40c-6.6 0-12 5.4-12 12v40c0 6.6 5.4 12 12 12h40c6.6 0 12-5.4 12-12zm-96 0v-40c0-6.6-5.4-12-12-12h-40c-6.6 0-12 5.4-12 12v40c0 6.6 5.4 12 12 12h40c6.6 0 12-5.4 12-12zm192 0v-40c0-6.6-5.4-12-12-12h-40c-6.6 0-12 5.4-12 12v40c0 6.6 5.4 12 12 12h40c6.6 0 12-5.4 12-12zm96-260v352c0 26.5-21.5 48-48 48H48c-26.5 0-48-21.5-48-48V112c0-26.5 21.5-48 48-48h48V12c0-6.6 5.4-12 12-12h40c6.6 0 12 5.4 12 12v52h128V12c0-6.6 5.4-12 12-12h40c6.6 0 12 5.4 12 12v52h48c26.5 0 48 21.5 48 48zm-48 346V160H48v298c0 3.3 2.7 6 6 6h340c3.3 0 6-2.7 6-6z\"><\/path><\/svg>\t\t\t<\/span>\n\t\t\t\t\t\t\t\t\t<span class=\"elementor-button-text\">Prendre Rendez-vous<\/span>\n\t\t\t\t\t<\/span>\n\t\t\t\t\t<\/a>\n\t\t\t\t\t\t\t\t<\/div>\n\t\t\t\t<div class=\"elementor-element elementor-element-141069e3 btn-phone-style-inverse elementor-widget elementor-widget-button\" data-id=\"141069e3\" data-element_type=\"widget\" data-e-type=\"widget\" data-widget_type=\"button.default\">\n\t\t\t\t\t\t\t\t\t\t<a class=\"elementor-button elementor-button-link elementor-size-sm\" href=\"tel:0522221011\">\n\t\t\t\t\t\t<span class=\"elementor-button-content-wrapper\">\n\t\t\t\t\t\t<span class=\"elementor-button-icon\">\n\t\t\t\t<svg aria-hidden=\"true\" class=\"e-font-icon-svg e-fas-phone-alt\" viewBox=\"0 0 512 512\" xmlns=\"http:\/\/www.w3.org\/2000\/svg\"><path d=\"M497.39 361.8l-112-48a24 24 0 0 0-28 6.9l-49.6 60.6A370.66 370.66 0 0 1 130.6 204.11l60.6-49.6a23.94 23.94 0 0 0 6.9-28l-48-112A24.16 24.16 0 0 0 122.6.61l-104 24A24 24 0 0 0 0 48c0 256.5 207.9 464 464 464a24 24 0 0 0 23.4-18.6l24-104a24.29 24.29 0 0 0-14.01-27.6z\"><\/path><\/svg>\t\t\t<\/span>\n\t\t\t\t\t\t\t\t\t<span class=\"elementor-button-text\">05 22 22 10 11<\/span>\n\t\t\t\t\t<\/span>\n\t\t\t\t\t<\/a>\n\t\t\t\t\t\t\t\t<\/div>\n\t\t\t\t<\/div>\n\t\t\t\t\t<\/div>\n\t\t\t\t<\/div>\n\t\t\t\t<\/div>\n\t\t\t\t<\/div>\n\t\t","protected":false},"excerpt":{"rendered":"<p>Contactez-nous Prenez Rendez-vous Facilement Dr Amira Abouriche et son \u00e9quipe sont \u00e0 votre \u00e9coute pour r\u00e9pondre \u00e0 vos questions et vous proposer un rendez-vous adapt\u00e9 \u00e0<span class=\"excerpt-hellip\"> [\u2026]<\/span><\/p>\n","protected":false},"author":1,"featured_media":0,"parent":0,"menu_order":0,"comment_status":"closed","ping_status":"closed","template":"elementor_header_footer","meta":{"footnotes":""},"class_list":["post-1165","page","type-page","status-publish","hentry"],"yoast_head":"<!-- This site is optimized with the Yoast SEO plugin v27.4 - https:\/\/yoast.com\/product\/yoast-seo-wordpress\/ -->\n<title>Contact &amp; Rendez-vous - Dr Amira Abouriche | Cardiologue Casablanca<\/title>\n<meta name=\"description\" content=\"Prenez rendez-vous avec Dr Amira Abouriche, cardiologue et phl\u00e9bologue \u00e0 Casablanca. Cabinet Bourgogne - 05 22 22 10 11 - Rendez-vous en ligne sur Dabadoc\" \/>\n<meta name=\"robots\" content=\"index, follow, max-snippet:-1, max-image-preview:large, max-video-preview:-1\" \/>\n<link rel=\"canonical\" href=\"https:\/\/atlasfret.com\/dramiraabouriche\/contact-rendez-vous\/\" \/>\n<meta property=\"og:locale\" content=\"fr_FR\" \/>\n<meta property=\"og:type\" content=\"article\" \/>\n<meta property=\"og:title\" content=\"Contact &amp; Rendez-vous - Dr Amira Abouriche | Cardiologue Casablanca\" \/>\n<meta property=\"og:description\" content=\"Prenez rendez-vous avec Dr Amira Abouriche, cardiologue et phl\u00e9bologue \u00e0 Casablanca. Cabinet Bourgogne - 05 22 22 10 11 - Rendez-vous en ligne sur Dabadoc\" \/>\n<meta property=\"og:url\" content=\"https:\/\/atlasfret.com\/dramiraabouriche\/contact-rendez-vous\/\" \/>\n<meta property=\"og:site_name\" content=\"Dr amira abouriche\" \/>\n<meta property=\"article:modified_time\" content=\"2025-12-14T12:46:52+00:00\" \/>\n<meta name=\"twitter:card\" content=\"summary_large_image\" \/>\n<meta name=\"twitter:label1\" content=\"Dur\u00e9e de lecture estim\u00e9e\" \/>\n\t<meta name=\"twitter:data1\" content=\"1 minute\" \/>\n<script type=\"application\/ld+json\" class=\"yoast-schema-graph\">{\"@context\":\"https:\\\/\\\/schema.org\",\"@graph\":[{\"@type\":\"WebPage\",\"@id\":\"https:\\\/\\\/atlasfret.com\\\/dramiraabouriche\\\/contact-rendez-vous\\\/\",\"url\":\"https:\\\/\\\/atlasfret.com\\\/dramiraabouriche\\\/contact-rendez-vous\\\/\",\"name\":\"Contact & Rendez-vous - Dr Amira Abouriche | Cardiologue Casablanca\",\"isPartOf\":{\"@id\":\"https:\\\/\\\/atlasfret.com\\\/dramiraabouriche\\\/#website\"},\"datePublished\":\"2025-12-11T14:31:06+00:00\",\"dateModified\":\"2025-12-14T12:46:52+00:00\",\"description\":\"Prenez rendez-vous avec Dr Amira Abouriche, cardiologue et phl\u00e9bologue \u00e0 Casablanca. Cabinet Bourgogne - 05 22 22 10 11 - Rendez-vous en ligne sur Dabadoc\",\"breadcrumb\":{\"@id\":\"https:\\\/\\\/atlasfret.com\\\/dramiraabouriche\\\/contact-rendez-vous\\\/#breadcrumb\"},\"inLanguage\":\"fr-FR\",\"potentialAction\":[{\"@type\":\"ReadAction\",\"target\":[\"https:\\\/\\\/atlasfret.com\\\/dramiraabouriche\\\/contact-rendez-vous\\\/\"]}]},{\"@type\":\"BreadcrumbList\",\"@id\":\"https:\\\/\\\/atlasfret.com\\\/dramiraabouriche\\\/contact-rendez-vous\\\/#breadcrumb\",\"itemListElement\":[{\"@type\":\"ListItem\",\"position\":1,\"name\":\"Accueil\",\"item\":\"https:\\\/\\\/atlasfret.com\\\/dramiraabouriche\\\/\"},{\"@type\":\"ListItem\",\"position\":2,\"name\":\"Contact rendez vous\"}]},{\"@type\":\"WebSite\",\"@id\":\"https:\\\/\\\/atlasfret.com\\\/dramiraabouriche\\\/#website\",\"url\":\"https:\\\/\\\/atlasfret.com\\\/dramiraabouriche\\\/\",\"name\":\"Dr amira abouriche\",\"description\":\"\",\"potentialAction\":[{\"@type\":\"SearchAction\",\"target\":{\"@type\":\"EntryPoint\",\"urlTemplate\":\"https:\\\/\\\/atlasfret.com\\\/dramiraabouriche\\\/?s={search_term_string}\"},\"query-input\":{\"@type\":\"PropertyValueSpecification\",\"valueRequired\":true,\"valueName\":\"search_term_string\"}}],\"inLanguage\":\"fr-FR\"}]}<\/script>\n<!-- \/ Yoast SEO plugin. -->","yoast_head_json":{"title":"Contact & Rendez-vous - Dr Amira Abouriche | Cardiologue Casablanca","description":"Prenez rendez-vous avec Dr Amira Abouriche, cardiologue et phl\u00e9bologue \u00e0 Casablanca. Cabinet Bourgogne - 05 22 22 10 11 - Rendez-vous en ligne sur Dabadoc","robots":{"index":"index","follow":"follow","max-snippet":"max-snippet:-1","max-image-preview":"max-image-preview:large","max-video-preview":"max-video-preview:-1"},"canonical":"https:\/\/atlasfret.com\/dramiraabouriche\/contact-rendez-vous\/","og_locale":"fr_FR","og_type":"article","og_title":"Contact & Rendez-vous - Dr Amira Abouriche | Cardiologue Casablanca","og_description":"Prenez rendez-vous avec Dr Amira Abouriche, cardiologue et phl\u00e9bologue \u00e0 Casablanca. Cabinet Bourgogne - 05 22 22 10 11 - Rendez-vous en ligne sur Dabadoc","og_url":"https:\/\/atlasfret.com\/dramiraabouriche\/contact-rendez-vous\/","og_site_name":"Dr amira abouriche","article_modified_time":"2025-12-14T12:46:52+00:00","twitter_card":"summary_large_image","twitter_misc":{"Dur\u00e9e de lecture estim\u00e9e":"1 minute"},"schema":{"@context":"https:\/\/schema.org","@graph":[{"@type":"WebPage","@id":"https:\/\/atlasfret.com\/dramiraabouriche\/contact-rendez-vous\/","url":"https:\/\/atlasfret.com\/dramiraabouriche\/contact-rendez-vous\/","name":"Contact & Rendez-vous - Dr Amira Abouriche | Cardiologue Casablanca","isPartOf":{"@id":"https:\/\/atlasfret.com\/dramiraabouriche\/#website"},"datePublished":"2025-12-11T14:31:06+00:00","dateModified":"2025-12-14T12:46:52+00:00","description":"Prenez rendez-vous avec Dr Amira Abouriche, cardiologue et phl\u00e9bologue \u00e0 Casablanca. Cabinet Bourgogne - 05 22 22 10 11 - Rendez-vous en ligne sur Dabadoc","breadcrumb":{"@id":"https:\/\/atlasfret.com\/dramiraabouriche\/contact-rendez-vous\/#breadcrumb"},"inLanguage":"fr-FR","potentialAction":[{"@type":"ReadAction","target":["https:\/\/atlasfret.com\/dramiraabouriche\/contact-rendez-vous\/"]}]},{"@type":"BreadcrumbList","@id":"https:\/\/atlasfret.com\/dramiraabouriche\/contact-rendez-vous\/#breadcrumb","itemListElement":[{"@type":"ListItem","position":1,"name":"Accueil","item":"https:\/\/atlasfret.com\/dramiraabouriche\/"},{"@type":"ListItem","position":2,"name":"Contact rendez vous"}]},{"@type":"WebSite","@id":"https:\/\/atlasfret.com\/dramiraabouriche\/#website","url":"https:\/\/atlasfret.com\/dramiraabouriche\/","name":"Dr amira abouriche","description":"","potentialAction":[{"@type":"SearchAction","target":{"@type":"EntryPoint","urlTemplate":"https:\/\/atlasfret.com\/dramiraabouriche\/?s={search_term_string}"},"query-input":{"@type":"PropertyValueSpecification","valueRequired":true,"valueName":"search_term_string"}}],"inLanguage":"fr-FR"}]}},"_links":{"self":[{"href":"https:\/\/atlasfret.com\/dramiraabouriche\/wp-json\/wp\/v2\/pages\/1165","targetHints":{"allow":["GET"]}}],"collection":[{"href":"https:\/\/atlasfret.com\/dramiraabouriche\/wp-json\/wp\/v2\/pages"}],"about":[{"href":"https:\/\/atlasfret.com\/dramiraabouriche\/wp-json\/wp\/v2\/types\/page"}],"author":[{"embeddable":true,"href":"https:\/\/atlasfret.com\/dramiraabouriche\/wp-json\/wp\/v2\/users\/1"}],"replies":[{"embeddable":true,"href":"https:\/\/atlasfret.com\/dramiraabouriche\/wp-json\/wp\/v2\/comments?post=1165"}],"version-history":[{"count":52,"href":"https:\/\/atlasfret.com\/dramiraabouriche\/wp-json\/wp\/v2\/pages\/1165\/revisions"}],"predecessor-version":[{"id":1633,"href":"https:\/\/atlasfret.com\/dramiraabouriche\/wp-json\/wp\/v2\/pages\/1165\/revisions\/1633"}],"wp:attachment":[{"href":"https:\/\/atlasfret.com\/dramiraabouriche\/wp-json\/wp\/v2\/media?parent=1165"}],"curies":[{"name":"wp","href":"https:\/\/api.w.org\/{rel}","templated":true}]}}